{"id":3131,"date":"2022-02-16T12:25:37","date_gmt":"2022-02-16T11:25:37","guid":{"rendered":"https:\/\/www.ukras.com\/?page_id=3131"},"modified":"2022-02-16T18:50:04","modified_gmt":"2022-02-16T17:50:04","slug":"posao","status":"publish","type":"page","link":"https:\/\/www.ukras.com\/de\/posao\/","title":{"rendered":"POSAO"},"content":{"rendered":"\n<p>Firma \u201eUKRAS\u201c nalazi se u varo\u0161ici Veliki Popovi\u0107 u op\u0161tini Despotovac. <br>Od Jagodine je udaljena 18 km, isto koliko i od Svilajnca. <\/p>\n\n\n\n<p>&#8222;Ukras&#8220; je porodi\u010dna firma koja je osnovana davne 1970. godine. Vremenom se razvijala i danas va\u017ei za jednu uspe\u0161nu firmu u kojoj je zaposleno 40 radnika i prostire se na preko 5.000 m\u00b2 prostora. <br>U firmi \u201eUKRAS\u201c se izra\u0111uju razli\u010diti profili lajsni za podove, unutra\u0161nja vrata i ostali elementi od drveta.<\/p>\n\n\n\n<p>Kako bi proizvodnju jo\u0161 bolje organizovali i unapredili raspisujemo:<\/p>\n\n\n\n<p class=\"has-text-align-center\"><strong><mark style=\"background-color:#dadada\" class=\"has-inline-color has-vivid-red-color\">Konkurs za POSLOVO\u0110U U PROIZVODNJI<\/mark><\/strong><\/p>\n\n\n\n<p><strong>Mesto rada:<\/strong> PROIZVODNJA &#8211; Veliki Popovi\u0107<\/p>\n\n\n\n<p><strong>GLAVNI ZADACI:<\/strong><\/p>\n\n\n\n<ul class=\"wp-block-list\"><li>Organizovanje proizvodnje tokom procesa rada<\/li><li>Priprema radnih naloga<\/li><li>Priprema procesa proizvodnje<\/li><li>Kontrola kvaliteta tokom proizvodnje<\/li><li>Uo\u010davanje nedostataka tokom proizvodnje i sprovo\u0111enje njihovog otklanjanja<\/li><li>Kontrola zaposlenih<\/li><li>Kontrola radnih mesta<\/li><li>Neposredno u\u010de\u0161\u0107e u samom procesu proizvodnje<\/li><li>Uspostavljanje radne discipline i obezbe\u0111ivanje radnih normi (kvalitet i kvantitet)<\/li><\/ul>\n\n\n\n<p><strong>OSNOVNI USLOVI:<\/strong><\/p>\n\n\n\n<ul class=\"wp-block-list\"><li>Visoko obrazovanje (\u0160umarski ili Ma\u0161inski in\u017eenjer), nije neophodno ukoliko kandidat ima iskustva u obavljanju poslova na sli\u010dnim pozicijama.<\/li><\/ul>\n\n\n\n<ul class=\"wp-block-list\"><li>Poznavanje rada na ra\u010dunaru<\/li><\/ul>\n\n\n\n<ul class=\"wp-block-list\"><li>Voza\u010dka dozvola B kategorije i dozvola za upravljanje vilju\u0161karom (nije obavezno).<\/li><\/ul>\n\n\n\n<p><strong>OSOBINE KANDIDATA:<\/strong><\/p>\n\n\n\n<ul class=\"wp-block-list\"><li>Profesionalnost i spremnost na inovacije<\/li><li>Marljivost<\/li><li>Upornost<\/li><li>Timski rad<\/li><li>Radoznalost i njena primena u poslu<\/li><li>Snala\u017eljivost<\/li><li>Spremnost na u\u010denje i usavr\u0161avanje.<\/li><\/ul>\n\n\n\n<p>Ukoliko ste zainteresovani, mo\u017eete nam poslati svoj CV na e-mail <a href=\"mailto:info@ukras.com\">info@ukras.com<\/a> .<\/p>\n","protected":false},"excerpt":{"rendered":"<p>Firma \u201eUKRAS\u201c nalazi se u varo\u0161ici Veliki Popovi\u0107 u op\u0161tini Despotovac. Od Jagodine je udaljena 18 km, isto koliko i od Svilajnca. &#8222;Ukras&#8220; je porodi\u010dna firma koja je osnovana davne 1970. godine. Vremenom se razvijala i danas va\u017ei za jednu uspe\u0161nu firmu u kojoj je zaposleno 40 radnika i prostire se na preko 5.000 m\u00b2 [&hellip;]<\/p>\n","protected":false},"author":1,"featured_media":0,"parent":0,"menu_order":0,"comment_status":"closed","ping_status":"closed","template":"","meta":{"footnotes":""},"class_list":["post-3131","page","type-page","status-publish","hentry","zita-woo-hover-none","zita-woo-alignment-center","zita-shadow-0","zita-shadow-hover-3","zita-single-product-content-center","zita-single-product-tab-horizontal"],"yoast_head":"<!-- This site is optimized with the Yoast SEO plugin v27.3 - https:\/\/yoast.com\/product\/yoast-seo-wordpress\/ -->\n<title>POSAO<\/title>\n<meta name=\"description\" content=\"Firma \u201eUKRAS\u201c nalazi se u varo\u0161ici Veliki Popovi\u0107 u op\u0161tini Despotovac. Od Jagodine je udaljena 18 km, isto koliko i od Svilajnca. &quot;Ukras&quot; je porodi\u010dna firma koja je osnovana davne 1970. godine. Vremenom se razvijala i danas va\u017ei za jednu uspe\u0161nu firmu u kojoj je zaposleno 40 radnika i prostire se na preko 5.000 m\u00b2&hellip;\" \/>\n<meta name=\"robots\" content=\"index, follow, max-snippet:-1, max-image-preview:large, max-video-preview:-1\" \/>\n<link rel=\"canonical\" href=\"http:\/\/Firma%20\u201eUKRAS\u201c%20nalazi%20se%20u%20varo\u0161ici%20Veliki%20Popovi\u0107%20u%20op\u0161tini%20Despotovac.%20Od%20Jagodine%20je%20udaljena%2018%20km,%20isto%20koliko%20i%20od%20Svilajnca.%20Ukras%20je%20porodi\u010dna%20firma%20koja%20je%20osnovana%20davne%201970.%20godine.%20Vremenom%20se%20razvijala%20i%20danas%20va\u017ei%20za%20jednu%20uspe\u0161nu%20firmu%20u%20kojoj%20je%20zaposleno%2040%20radnika%20i%20prostire%20se%20na%20preko%205.000%20m\u00b2&hellip;\" \/>\n<meta property=\"og:locale\" content=\"de_DE\" \/>\n<meta property=\"og:type\" content=\"article\" \/>\n<meta property=\"og:title\" content=\"POSAO\" \/>\n<meta property=\"og:description\" content=\"Firma \u201eUKRAS\u201c nalazi se u varo\u0161ici Veliki Popovi\u0107 u op\u0161tini Despotovac. Od Jagodine je udaljena 18 km, isto koliko i od Svilajnca. &quot;Ukras&quot; je porodi\u010dna firma koja je osnovana davne 1970. godine. Vremenom se razvijala i danas va\u017ei za jednu uspe\u0161nu firmu u kojoj je zaposleno 40 radnika i prostire se na preko 5.000 m\u00b2&hellip;\" \/>\n<meta property=\"og:url\" content=\"https:\/\/www.ukras.com\/de\/posao\/\" \/>\n<meta property=\"og:site_name\" content=\"UKRAS Veliki Popovi\u0107\" \/>\n<meta property=\"article:publisher\" content=\"https:\/\/www.facebook.com\/UkrasSvilajnac\" \/>\n<meta property=\"article:modified_time\" content=\"2022-02-16T17:50:04+00:00\" \/>\n<meta property=\"og:image\" content=\"https:\/\/www.ukras.com\/wp-content\/uploads\/2022\/02\/Posao-Ukras.jpg\" \/>\n\t<meta property=\"og:image:width\" content=\"420\" \/>\n\t<meta property=\"og:image:height\" content=\"150\" \/>\n\t<meta property=\"og:image:type\" content=\"image\/jpeg\" \/>\n<meta name=\"twitter:card\" content=\"summary_large_image\" \/>\n<meta name=\"twitter:label1\" content=\"Gesch\u00e4tzte Lesezeit\" \/>\n\t<meta name=\"twitter:data1\" content=\"2\u00a0Minuten\" \/>\n<script type=\"application\/ld+json\" class=\"yoast-schema-graph\">{\"@context\":\"https:\\\/\\\/schema.org\",\"@graph\":[{\"@type\":\"WebPage\",\"@id\":\"https:\\\/\\\/www.ukras.com\\\/de\\\/posao\\\/\",\"url\":\"https:\\\/\\\/www.ukras.com\\\/de\\\/posao\\\/\",\"name\":\"POSAO - UKRAS Veliki Popovi\u0107\",\"isPartOf\":{\"@id\":\"https:\\\/\\\/www.ukras.com\\\/#website\"},\"datePublished\":\"2022-02-16T11:25:37+00:00\",\"dateModified\":\"2022-02-16T17:50:04+00:00\",\"breadcrumb\":{\"@id\":\"https:\\\/\\\/www.ukras.com\\\/de\\\/posao\\\/#breadcrumb\"},\"inLanguage\":\"de\",\"potentialAction\":[{\"@type\":\"ReadAction\",\"target\":[\"https:\\\/\\\/www.ukras.com\\\/de\\\/posao\\\/\"]}]},{\"@type\":\"BreadcrumbList\",\"@id\":\"https:\\\/\\\/www.ukras.com\\\/de\\\/posao\\\/#breadcrumb\",\"itemListElement\":[{\"@type\":\"ListItem\",\"position\":1,\"name\":\"Home\",\"item\":\"https:\\\/\\\/www.ukras.com\\\/\"},{\"@type\":\"ListItem\",\"position\":2,\"name\":\"POSAO\"}]},{\"@type\":\"WebSite\",\"@id\":\"https:\\\/\\\/www.ukras.com\\\/de\\\/#website\",\"url\":\"https:\\\/\\\/www.ukras.com\\\/de\\\/\",\"name\":\"UKRAS\",\"description\":\"Herstellung von wei\u00dfen Sockelleisten, Parkettleisten, Laminatleisten, Innent\u00fcren . . .\",\"publisher\":{\"@id\":\"https:\\\/\\\/www.ukras.com\\\/de\\\/#organization\"},\"potentialAction\":[{\"@type\":\"SearchAction\",\"target\":{\"@type\":\"EntryPoint\",\"urlTemplate\":\"https:\\\/\\\/www.ukras.com\\\/de\\\/?s={search_term_string}\"},\"query-input\":{\"@type\":\"PropertyValueSpecification\",\"valueRequired\":true,\"valueName\":\"search_term_string\"}}],\"inLanguage\":\"de\"},{\"@type\":\"Organization\",\"@id\":\"https:\\\/\\\/www.ukras.com\\\/de\\\/#organization\",\"name\":\"UKRAS DOO Veliki Popovi\u0107\",\"url\":\"https:\\\/\\\/www.ukras.com\\\/de\\\/\",\"logo\":{\"@type\":\"ImageObject\",\"inLanguage\":\"de\",\"@id\":\"https:\\\/\\\/www.ukras.com\\\/de\\\/#\\\/schema\\\/logo\\\/image\\\/\",\"url\":\"https:\\\/\\\/www.ukras.com\\\/wp-content\\\/uploads\\\/2021\\\/09\\\/logo_ukras.png\",\"contentUrl\":\"https:\\\/\\\/www.ukras.com\\\/wp-content\\\/uploads\\\/2021\\\/09\\\/logo_ukras.png\",\"width\":336,\"height\":52,\"caption\":\"UKRAS DOO Veliki Popovi\u0107\"},\"image\":{\"@id\":\"https:\\\/\\\/www.ukras.com\\\/de\\\/#\\\/schema\\\/logo\\\/image\\\/\"},\"sameAs\":[\"https:\\\/\\\/www.facebook.com\\\/UkrasSvilajnac\",\"https:\\\/\\\/www.instagram.com\\\/ukras.doo\\\/\",\"https:\\\/\\\/www.youtube.com\\\/channel\\\/UCqBv6JCkcumnS5PO46iAOuA\"]}]}<\/script>\n<!-- \/ Yoast SEO plugin. -->","yoast_head_json":{"title":"POSAO","description":"Firma \u201eUKRAS\u201c nalazi se u varo\u0161ici Veliki Popovi\u0107 u op\u0161tini Despotovac. Od Jagodine je udaljena 18 km, isto koliko i od Svilajnca. \"Ukras\" je porodi\u010dna firma koja je osnovana davne 1970. godine. Vremenom se razvijala i danas va\u017ei za jednu uspe\u0161nu firmu u kojoj je zaposleno 40 radnika i prostire se na preko 5.000 m\u00b2&hellip;","robots":{"index":"index","follow":"follow","max-snippet":"max-snippet:-1","max-image-preview":"max-image-preview:large","max-video-preview":"max-video-preview:-1"},"canonical":"Firma \u201eUKRAS\u201c nalazi se u varo\u0161ici Veliki Popovi\u0107 u op\u0161tini Despotovac. Od Jagodine je udaljena 18 km, isto koliko i od Svilajnca. \"Ukras\" je porodi\u010dna firma koja je osnovana davne 1970. godine. Vremenom se razvijala i danas va\u017ei za jednu uspe\u0161nu firmu u kojoj je zaposleno 40 radnika i prostire se na preko 5.000 m\u00b2&hellip;","og_locale":"de_DE","og_type":"article","og_title":"POSAO","og_description":"Firma \u201eUKRAS\u201c nalazi se u varo\u0161ici Veliki Popovi\u0107 u op\u0161tini Despotovac. Od Jagodine je udaljena 18 km, isto koliko i od Svilajnca. \"Ukras\" je porodi\u010dna firma koja je osnovana davne 1970. godine. Vremenom se razvijala i danas va\u017ei za jednu uspe\u0161nu firmu u kojoj je zaposleno 40 radnika i prostire se na preko 5.000 m\u00b2&hellip;","og_url":"https:\/\/www.ukras.com\/de\/posao\/","og_site_name":"UKRAS Veliki Popovi\u0107","article_publisher":"https:\/\/www.facebook.com\/UkrasSvilajnac","article_modified_time":"2022-02-16T17:50:04+00:00","og_image":[{"width":420,"height":150,"url":"https:\/\/www.ukras.com\/wp-content\/uploads\/2022\/02\/Posao-Ukras.jpg","type":"image\/jpeg"}],"twitter_card":"summary_large_image","twitter_misc":{"Gesch\u00e4tzte Lesezeit":"2\u00a0Minuten"},"schema":{"@context":"https:\/\/schema.org","@graph":[{"@type":"WebPage","@id":"https:\/\/www.ukras.com\/de\/posao\/","url":"https:\/\/www.ukras.com\/de\/posao\/","name":"POSAO - UKRAS Veliki Popovi\u0107","isPartOf":{"@id":"https:\/\/www.ukras.com\/#website"},"datePublished":"2022-02-16T11:25:37+00:00","dateModified":"2022-02-16T17:50:04+00:00","breadcrumb":{"@id":"https:\/\/www.ukras.com\/de\/posao\/#breadcrumb"},"inLanguage":"de","potentialAction":[{"@type":"ReadAction","target":["https:\/\/www.ukras.com\/de\/posao\/"]}]},{"@type":"BreadcrumbList","@id":"https:\/\/www.ukras.com\/de\/posao\/#breadcrumb","itemListElement":[{"@type":"ListItem","position":1,"name":"Home","item":"https:\/\/www.ukras.com\/"},{"@type":"ListItem","position":2,"name":"POSAO"}]},{"@type":"WebSite","@id":"https:\/\/www.ukras.com\/de\/#website","url":"https:\/\/www.ukras.com\/de\/","name":"UKRAS","description":"Herstellung von wei\u00dfen Sockelleisten, Parkettleisten, Laminatleisten, Innent\u00fcren . . .","publisher":{"@id":"https:\/\/www.ukras.com\/de\/#organization"},"potentialAction":[{"@type":"SearchAction","target":{"@type":"EntryPoint","urlTemplate":"https:\/\/www.ukras.com\/de\/?s={search_term_string}"},"query-input":{"@type":"PropertyValueSpecification","valueRequired":true,"valueName":"search_term_string"}}],"inLanguage":"de"},{"@type":"Organization","@id":"https:\/\/www.ukras.com\/de\/#organization","name":"UKRAS DOO Veliki Popovi\u0107","url":"https:\/\/www.ukras.com\/de\/","logo":{"@type":"ImageObject","inLanguage":"de","@id":"https:\/\/www.ukras.com\/de\/#\/schema\/logo\/image\/","url":"https:\/\/www.ukras.com\/wp-content\/uploads\/2021\/09\/logo_ukras.png","contentUrl":"https:\/\/www.ukras.com\/wp-content\/uploads\/2021\/09\/logo_ukras.png","width":336,"height":52,"caption":"UKRAS DOO Veliki Popovi\u0107"},"image":{"@id":"https:\/\/www.ukras.com\/de\/#\/schema\/logo\/image\/"},"sameAs":["https:\/\/www.facebook.com\/UkrasSvilajnac","https:\/\/www.instagram.com\/ukras.doo\/","https:\/\/www.youtube.com\/channel\/UCqBv6JCkcumnS5PO46iAOuA"]}]}},"_links":{"self":[{"href":"https:\/\/www.ukras.com\/de\/wp-json\/wp\/v2\/pages\/3131","targetHints":{"allow":["GET"]}}],"collection":[{"href":"https:\/\/www.ukras.com\/de\/wp-json\/wp\/v2\/pages"}],"about":[{"href":"https:\/\/www.ukras.com\/de\/wp-json\/wp\/v2\/types\/page"}],"author":[{"embeddable":true,"href":"https:\/\/www.ukras.com\/de\/wp-json\/wp\/v2\/users\/1"}],"replies":[{"embeddable":true,"href":"https:\/\/www.ukras.com\/de\/wp-json\/wp\/v2\/comments?post=3131"}],"version-history":[{"count":0,"href":"https:\/\/www.ukras.com\/de\/wp-json\/wp\/v2\/pages\/3131\/revisions"}],"wp:attachment":[{"href":"https:\/\/www.ukras.com\/de\/wp-json\/wp\/v2\/media?parent=3131"}],"curies":[{"name":"wp","href":"https:\/\/api.w.org\/{rel}","templated":true}]}}