{"id":816,"date":"2021-10-06T14:26:23","date_gmt":"2021-10-06T12:26:23","guid":{"rendered":"http:\/\/ukras.lu.rs\/?page_id=816"},"modified":"2025-11-17T13:07:48","modified_gmt":"2025-11-17T12:07:48","slug":"sertifikati-i-priznanja","status":"publish","type":"page","link":"https:\/\/www.ukras.com\/de\/sertifikati-i-priznanja\/","title":{"rendered":"Zertifikate und anerkennung"},"content":{"rendered":"\r\n<h2 class=\"has-vivid-red-color has-text-color wp-block-heading\">Zertifikate<\/h2>\r\n\r\n\r\n\r\n\r\n<strong>FSC-Standard &#8211; internationale Zertifizierung f\u00fcr Holz aus nachhaltigen W\u00e4ldern<\/strong>\r\n\r\nDas Unternehmen &#8222;UKRAS&#8220; hat den FSC-Standard implementiert, der best\u00e4tigt, dass Holz und Holzmaterialien verwendet werden, die aus einer streng \u00fcberwachten Kette stammen, vom zertifizierten Wald bis zur Verarbeitung und Produktion.\r\n\r\nDas Unternehmen &#8222;UKRAS&#8220; hat sich daher bereit erkl\u00e4rt, die Produktion mit internationalen Standards zu harmonisieren, die auf umweltbewusstes, sozial vorteilhaftes und wirtschaftlich nachhaltiges Gesch\u00e4ft abzielen.\r\n\r\n\r\n\r\n\r\n\r\n&nbsp;\r\n\r\n\r\n\r\n\r\n<figure class=\"wp-block-gallery columns-3 is-cropped wp-block-gallery-1 is-layout-flex wp-block-gallery-is-layout-flex\">\r\n<ul class=\"blocks-gallery-grid\">\r\n \t<li class=\"blocks-gallery-item\">\r\n<figure class=\"wp-block-image size-large\"><a href=\"https:\/\/www.ukras.com\/wp-content\/uploads\/2024\/06\/FSC-Ukras-2024.jpg\"><img loading=\"lazy\" decoding=\"async\" width=\"725\" height=\"1024\" class=\"wp-image-3478\" src=\"https:\/\/www.ukras.com\/wp-content\/uploads\/2024\/06\/FSC-Ukras-2024-725x1024.jpg\" alt=\"\" srcset=\"https:\/\/www.ukras.com\/wp-content\/uploads\/2024\/06\/FSC-Ukras-2024-725x1024.jpg 725w, https:\/\/www.ukras.com\/wp-content\/uploads\/2024\/06\/FSC-Ukras-2024-212x300.jpg 212w, https:\/\/www.ukras.com\/wp-content\/uploads\/2024\/06\/FSC-Ukras-2024-768x1085.jpg 768w, https:\/\/www.ukras.com\/wp-content\/uploads\/2024\/06\/FSC-Ukras-2024-1087x1536.jpg 1087w, https:\/\/www.ukras.com\/wp-content\/uploads\/2024\/06\/FSC-Ukras-2024-600x848.jpg 600w, https:\/\/www.ukras.com\/wp-content\/uploads\/2024\/06\/FSC-Ukras-2024.jpg 1241w\" sizes=\"auto, (max-width: 725px) 100vw, 725px\" \/><\/a><\/figure>\r\n<\/li>\r\n \t<li class=\"blocks-gallery-item\">\r\n<figure><img loading=\"lazy\" decoding=\"async\" class=\"alignnone wp-image-3592 size-medium\" src=\"https:\/\/www.ukras.com\/wp-content\/uploads\/2025\/11\/Sertifikat_Q_03_srp-212x300.jpg\" alt=\"\" width=\"212\" height=\"300\" data-id=\"822\" data-full-url=\"http:\/\/ukras.com\/wp-content\/uploads\/2021\/10\/Sertifikat-SRPS-ISO-9001-2015.jpg\" data-link=\"http:\/\/ukras.com\/?attachment_id=822\" srcset=\"https:\/\/www.ukras.com\/wp-content\/uploads\/2025\/11\/Sertifikat_Q_03_srp-212x300.jpg 212w, https:\/\/www.ukras.com\/wp-content\/uploads\/2025\/11\/Sertifikat_Q_03_srp-724x1024.jpg 724w, https:\/\/www.ukras.com\/wp-content\/uploads\/2025\/11\/Sertifikat_Q_03_srp-768x1086.jpg 768w, https:\/\/www.ukras.com\/wp-content\/uploads\/2025\/11\/Sertifikat_Q_03_srp-1086x1536.jpg 1086w, https:\/\/www.ukras.com\/wp-content\/uploads\/2025\/11\/Sertifikat_Q_03_srp-600x849.jpg 600w, https:\/\/www.ukras.com\/wp-content\/uploads\/2025\/11\/Sertifikat_Q_03_srp.jpg 1241w\" sizes=\"auto, (max-width: 212px) 100vw, 212px\" \/><\/figure>\r\n<\/li>\r\n \t<li class=\"blocks-gallery-item\">\r\n<figure><img loading=\"lazy\" decoding=\"async\" class=\"alignnone wp-image-3591 size-medium\" src=\"https:\/\/www.ukras.com\/wp-content\/uploads\/2025\/11\/Sertifikat_O_03_srp-212x300.jpg\" alt=\"\" width=\"212\" height=\"300\" data-id=\"821\" data-full-url=\"http:\/\/ukras.com\/wp-content\/uploads\/2021\/10\/Sertifikat_SRPS-ISO-45001-2018.jpg\" data-link=\"http:\/\/ukras.com\/?attachment_id=821\" srcset=\"https:\/\/www.ukras.com\/wp-content\/uploads\/2025\/11\/Sertifikat_O_03_srp-212x300.jpg 212w, https:\/\/www.ukras.com\/wp-content\/uploads\/2025\/11\/Sertifikat_O_03_srp-724x1024.jpg 724w, https:\/\/www.ukras.com\/wp-content\/uploads\/2025\/11\/Sertifikat_O_03_srp-768x1086.jpg 768w, https:\/\/www.ukras.com\/wp-content\/uploads\/2025\/11\/Sertifikat_O_03_srp-1086x1536.jpg 1086w, https:\/\/www.ukras.com\/wp-content\/uploads\/2025\/11\/Sertifikat_O_03_srp-600x849.jpg 600w, https:\/\/www.ukras.com\/wp-content\/uploads\/2025\/11\/Sertifikat_O_03_srp.jpg 1241w\" sizes=\"auto, (max-width: 212px) 100vw, 212px\" \/><\/figure>\r\n<\/li>\r\n<\/ul>\r\n<\/figure>\r\n\r\n\r\n\r\n<h2 class=\"has-vivid-red-color has-text-color wp-block-heading\">Danksagung<\/h2>\r\n\r\n\r\n\r\n\r\nDas Unternehmen &#8222;UKRAS&#8220; ist seit Jahren eines der erfolgreichsten Unternehmen in der Gemeinde Despotovac und in der Region. F\u00fcr ihre Arbeit wurde die Firma &#8222;UKRAS&#8220; mit zahlreichen Preisen ausgezeichnet.\r\n\r\n\r\n\r\n\r\n<figure class=\"wp-block-gallery columns-2 is-cropped wp-block-gallery-2 is-layout-flex wp-block-gallery-is-layout-flex\">\r\n<ul class=\"blocks-gallery-grid\">\r\n \t<li class=\"blocks-gallery-item\">\r\n<figure><img loading=\"lazy\" decoding=\"async\" width=\"596\" height=\"900\" class=\"wp-image-826\" src=\"http:\/\/ukras.com\/wp-content\/uploads\/2021\/10\/zid.jpg\" alt=\"Nagrade i priznanja\" data-id=\"826\" data-full-url=\"http:\/\/ukras.com\/wp-content\/uploads\/2021\/10\/zid.jpg\" data-link=\"http:\/\/ukras.com\/sertifikati-i-priznanja\/zid\/\" srcset=\"https:\/\/www.ukras.com\/wp-content\/uploads\/2021\/10\/zid.jpg 596w, https:\/\/www.ukras.com\/wp-content\/uploads\/2021\/10\/zid-199x300.jpg 199w\" sizes=\"auto, (max-width: 596px) 100vw, 596px\" \/><\/figure>\r\n<\/li>\r\n \t<li class=\"blocks-gallery-item\">\r\n<figure><img loading=\"lazy\" decoding=\"async\" width=\"762\" height=\"900\" class=\"wp-image-825\" src=\"http:\/\/ukras.com\/wp-content\/uploads\/2021\/10\/despotovac.jpg\" alt=\"Nagrade i priznanja\" data-id=\"825\" data-full-url=\"http:\/\/ukras.com\/wp-content\/uploads\/2021\/10\/despotovac.jpg\" data-link=\"http:\/\/ukras.com\/sertifikati-i-priznanja\/despotovac\/\" srcset=\"https:\/\/www.ukras.com\/wp-content\/uploads\/2021\/10\/despotovac.jpg 762w, https:\/\/www.ukras.com\/wp-content\/uploads\/2021\/10\/despotovac-254x300.jpg 254w, https:\/\/www.ukras.com\/wp-content\/uploads\/2021\/10\/despotovac-600x709.jpg 600w\" sizes=\"auto, (max-width: 762px) 100vw, 762px\" \/><\/figure>\r\n<\/li>\r\n<\/ul>\r\n<\/figure>\r\n\r\n\r\n\r\n\r\n<strong>Oscar-Qualit\u00e4t<\/strong>\r\n\r\n\r\n\r\n\r\n\r\nEine der wichtigsten Auszeichnungen ist der National Award for Business Excellence Serbiens in der Kategorie der kleinen und mittleren Unternehmen &#8222;OSCAR QUALITY&#8220; f\u00fcr 2012.\r\n\r\n\r\n\r\n\r\n<figure class=\"wp-block-gallery columns-2 is-cropped wp-block-gallery-3 is-layout-flex wp-block-gallery-is-layout-flex\">\r\n<ul class=\"blocks-gallery-grid\">\r\n \t<li class=\"blocks-gallery-item\">\r\n<figure><img loading=\"lazy\" decoding=\"async\" width=\"752\" height=\"900\" class=\"wp-image-829\" src=\"http:\/\/ukras.com\/wp-content\/uploads\/2021\/10\/fqce.jpg\" alt=\"FQCE\" data-id=\"829\" data-full-url=\"http:\/\/ukras.com\/wp-content\/uploads\/2021\/10\/fqce.jpg\" data-link=\"http:\/\/ukras.com\/sertifikati-i-priznanja\/fqce\/\" srcset=\"https:\/\/www.ukras.com\/wp-content\/uploads\/2021\/10\/fqce.jpg 752w, https:\/\/www.ukras.com\/wp-content\/uploads\/2021\/10\/fqce-251x300.jpg 251w, https:\/\/www.ukras.com\/wp-content\/uploads\/2021\/10\/fqce-600x718.jpg 600w\" sizes=\"auto, (max-width: 752px) 100vw, 752px\" \/><\/figure>\r\n<\/li>\r\n \t<li class=\"blocks-gallery-item\">\r\n<figure><img loading=\"lazy\" decoding=\"async\" width=\"605\" height=\"900\" class=\"wp-image-831\" src=\"http:\/\/ukras.com\/wp-content\/uploads\/2021\/10\/oskar.jpg\" alt=\"Oskar kvaliteta\" data-id=\"831\" data-full-url=\"http:\/\/ukras.com\/wp-content\/uploads\/2021\/10\/oskar.jpg\" data-link=\"http:\/\/ukras.com\/sertifikati-i-priznanja\/oskar\/\" srcset=\"https:\/\/www.ukras.com\/wp-content\/uploads\/2021\/10\/oskar.jpg 605w, https:\/\/www.ukras.com\/wp-content\/uploads\/2021\/10\/oskar-202x300.jpg 202w, https:\/\/www.ukras.com\/wp-content\/uploads\/2021\/10\/oskar-600x893.jpg 600w\" sizes=\"auto, (max-width: 605px) 100vw, 605px\" \/><\/figure>\r\n<\/li>\r\n \t<li class=\"blocks-gallery-item\">\r\n<figure><img loading=\"lazy\" decoding=\"async\" width=\"900\" height=\"596\" class=\"wp-image-830\" src=\"http:\/\/ukras.com\/wp-content\/uploads\/2021\/10\/tridiplome.jpg\" alt=\"Oskar kvaliteta\" data-id=\"830\" data-full-url=\"http:\/\/ukras.com\/wp-content\/uploads\/2021\/10\/tridiplome.jpg\" data-link=\"http:\/\/ukras.com\/sertifikati-i-priznanja\/tridiplome\/\" srcset=\"https:\/\/www.ukras.com\/wp-content\/uploads\/2021\/10\/tridiplome.jpg 900w, https:\/\/www.ukras.com\/wp-content\/uploads\/2021\/10\/tridiplome-300x199.jpg 300w, https:\/\/www.ukras.com\/wp-content\/uploads\/2021\/10\/tridiplome-768x509.jpg 768w, https:\/\/www.ukras.com\/wp-content\/uploads\/2021\/10\/tridiplome-600x397.jpg 600w\" sizes=\"auto, (max-width: 900px) 100vw, 900px\" \/><\/figure>\r\n<\/li>\r\n<\/ul>\r\n<\/figure>\r\n\r\n\r\n\r\n\r\n<strong>IMS Policy statement:<\/strong>\r\n\r\n\r\n\r\n\r\n\r\nDie Politik von IMS \u201eUKRAS\u201c DOO ist ein wesentlicher Bestandteil der gesamten Gesch\u00e4ftspolitik der Organisation, die auf der Einrichtung, Implementierung und Pflege eines marktorientierten Gesch\u00e4ftssystems und den Grunds\u00e4tzen des Qualit\u00e4tsmanagements basiert, um die Anforderungen, Bed\u00fcrfnisse und Erwartungen von Kunden und anderen Benutzern vollst\u00e4ndig zu erf\u00fcllen. Verbesserung des integrierten Managementsystems und Steigerung der Effektivit\u00e4t und Effizienz des gesamten Gesch\u00e4fts der Organisation. Die IMS-Richtlinie wird regelm\u00e4\u00dfig \u00fcberpr\u00fcft und bei Bedarf ge\u00e4ndert.\r\n\r\n<strong>Die Politik von IMS \u201eUKRAS\u201c DOO basiert auf:<\/strong>\r\n\r\n\r\n\r\n\r\n<ul class=\"wp-block-list\">\r\n \t<li>Respektieren unserer Kunden, Verstehen und Abw\u00e4gen ihrer Bed\u00fcrfnisse und Erwartungen und dessen Anpassung mit den Bed\u00fcrfnissen und Erwartungen unserer Lieferanten und Mitarbeiter, um alle Seiten vollst\u00e4ndig zufriedenzustellen.<\/li>\r\n \t<li>Etablierung und Mitteilung der Vision der Organisation und St\u00e4rkung der Schl\u00fcsselwerte, um das Verhalten aller Mitarbeiter bei der Umsetzung der Vision auszurichten.<\/li>\r\n \t<li>Einbeziehung aller Mitarbeiter in die Entwicklung der Organisation, Nutzung ihres Wissens und ihrer Erfahrung, Anerkennung ihres Beitrags und Bereitstellung eines Umfelds, in dem sie motiviert sind, ihr gesamtes Potenzial auszusch\u00f6pfen.<\/li>\r\n \t<li>Akzeptanz des Prozessansatzes im Gesch\u00e4fts- und Prozessmanagement als einzigartiges System miteinander verbundener Prozesse, das alle Ziele der Organisation erreicht.<\/li>\r\n \t<li>dentifizierung von Risiken und Chancen, deren Auswirkungen und Ma\u00dfnahmen zur Beseitigung von Risiken oder zur Maximierung der wahrgenommenen Chancen<\/li>\r\n \t<li>Einsch\u00e4tzung der Anforderungen sowie der Bed\u00fcrfnisse und Erwartungen aller Seiten (Kunden, Servicebenutzer, Mitarbeiter, Lieferanten, Partner und der Gesellschaft insgesamt).<\/li>\r\n \t<li>Sicherstellung der Umgebung, in der jede Person motiviert ist, die Effizienz und Effektivit\u00e4t der Produktqualit\u00e4t und -effektivit\u00e4t von Prozessen und Managementsystemen kontinuierlich zu verbessern.<\/li>\r\n \t<li>Treffen von Entscheidungen f\u00fcr eine logische und intuitive Analyse der gesammelten Daten, wenn m\u00f6glich, anhand pr\u00e4ziser Messungen der Produkt-, Prozess- und Systemmerkmale.<\/li>\r\n \t<li>Entwicklung von Allianzen mit unseren Lieferanten und Zusammenarbeit mit diesen zur gemeinsamen Leistungsverbesserung.<\/li>\r\n \t<li>Implementierung und kontinuierliche Verbesserung des integrierten Managementsystems gem\u00e4\u00df den SRPS-Anforderungen ISO 9001: 2015 und SRPS ISO 45001: 2018.<\/li>\r\n \t<li>Wir identifizieren kontinuierlich Gefahren und sch\u00e4dliche Auswirkungen und ergreifen Ma\u00dfnahmen, um die Gesundheit der Mitarbeiter kontinuierlich zu verbessern.<\/li>\r\n \t<li>Durch den Einsatz moderner Ger\u00e4te und Technologien sowie durch vorbeugende Ma\u00dfnahmen reduzieren wir m\u00f6gliche Risiken auf ein Minimum.<\/li>\r\n \t<li>\u00dcberwachung und Umsetzung von Rechtsvorschriften, die die Anwendung von Ma\u00dfnahmen f\u00fcr sicheres und gesundes Arbeiten vorschreiben.<\/li>\r\n \t<li>Gew\u00e4hrleistung eines nachhaltigen, gesunden und sicheren Arbeitsumfelds und Minimierung von potenziellen Risiken;<\/li>\r\n \t<li>Informierung der internen und externen Gesch\u00e4ftspartner und anderer Interessengruppen \u00fcber ihr eigenes Engagement f\u00fcr den Schutz von Gesundheit und Sicherheit am Arbeitsplatz.<\/li>\r\n \t<li>Einhaltung der gesetzlichen Vorschriften, insbesondere im Bereich Sicherheit und Gesundheitsschutz am Arbeitsplatz<\/li>\r\n \t<li>Beratung und Beteiligung der Arbeitnehmer und ihrer Vertreter f\u00fcr Sicherheit und Gesundheitsschutz am Arbeitsplatz.<\/li>\r\n<\/ul>\r\n\r\n\r\n\r\n<p class=\"has-text-align-left\">Veliki Popovic, 06.10.2025 Jahre<\/p>\r\n\r\n\r\n\r\n<p class=\"has-text-align-center\">Direktorin\r\n&#8222;UKRAS\u201c doo<\/p>\r\n","protected":false},"excerpt":{"rendered":"<p>Zertifikate FSC-Standard &#8211; internationale Zertifizierung f\u00fcr Holz aus nachhaltigen W\u00e4ldern Das Unternehmen &#8222;UKRAS&#8220; hat den FSC-Standard implementiert, der best\u00e4tigt, dass Holz und Holzmaterialien verwendet werden, die aus einer streng \u00fcberwachten Kette stammen, vom zertifizierten Wald bis zur Verarbeitung und Produktion. Das Unternehmen &#8222;UKRAS&#8220; hat sich daher bereit erkl\u00e4rt, die Produktion mit internationalen Standards zu harmonisieren, [&hellip;]<\/p>\n","protected":false},"author":1,"featured_media":0,"parent":0,"menu_order":0,"comment_status":"closed","ping_status":"closed","template":"","meta":{"footnotes":""},"class_list":["post-816","page","type-page","status-publish","hentry","zita-woo-hover-none","zita-woo-alignment-center","zita-shadow-0","zita-shadow-hover-3","zita-single-product-content-center","zita-single-product-tab-horizontal"],"yoast_head":"<!-- This site is optimized with the Yoast SEO plugin v27.3 - https:\/\/yoast.com\/product\/yoast-seo-wordpress\/ -->\n<title>Zertifikate und anerkennung<\/title>\n<meta name=\"description\" content=\"Zertifikate FSC-Standard - internationale Zertifizierung f\u00fcr Holz aus nachhaltigen W\u00e4ldern Das Unternehmen &quot;UKRAS&quot; hat den FSC-Standard implementiert, der best\u00e4tigt, dass Holz und Holzmaterialien verwendet werden, die aus einer streng \u00fcberwachten Kette stammen, vom zertifizierten Wald bis zur Verarbeitung und Produktion. Das Unternehmen &quot;UKRAS&quot; hat sich daher bereit erkl\u00e4rt, die Produktion mit internationalen Standards zu harmonisieren,&hellip;\" \/>\n<meta name=\"robots\" content=\"index, follow, max-snippet:-1, max-image-preview:large, max-video-preview:-1\" \/>\n<link rel=\"canonical\" href=\"http:\/\/Zertifikate%20FSC-Standard%20-%20internationale%20Zertifizierung%20f\u00fcr%20Holz%20aus%20nachhaltigen%20W\u00e4ldern%20Das%20Unternehmen%20UKRAS%20hat%20den%20FSC-Standard%20implementiert,%20der%20best\u00e4tigt,%20dass%20Holz%20und%20Holzmaterialien%20verwendet%20werden,%20die%20aus%20einer%20streng%20\u00fcberwachten%20Kette%20stammen,%20vom%20zertifizierten%20Wald%20bis%20zur%20Verarbeitung%20und%20Produktion.%20Das%20Unternehmen%20UKRAS%20hat%20sich%20daher%20bereit%20erkl\u00e4rt,%20die%20Produktion%20mit%20internationalen%20Standards%20zu%20harmonisieren,&hellip;\" \/>\n<meta property=\"og:locale\" content=\"de_DE\" \/>\n<meta property=\"og:type\" content=\"article\" \/>\n<meta property=\"og:title\" content=\"Zertifikate und anerkennung\" \/>\n<meta property=\"og:description\" content=\"Zertifikate FSC-Standard - internationale Zertifizierung f\u00fcr Holz aus nachhaltigen W\u00e4ldern Das Unternehmen &quot;UKRAS&quot; hat den FSC-Standard implementiert, der best\u00e4tigt, dass Holz und Holzmaterialien verwendet werden, die aus einer streng \u00fcberwachten Kette stammen, vom zertifizierten Wald bis zur Verarbeitung und Produktion. Das Unternehmen &quot;UKRAS&quot; hat sich daher bereit erkl\u00e4rt, die Produktion mit internationalen Standards zu harmonisieren,&hellip;\" \/>\n<meta property=\"og:url\" content=\"https:\/\/www.ukras.com\/de\/sertifikati-i-priznanja\/\" \/>\n<meta property=\"og:site_name\" content=\"UKRAS Veliki Popovi\u0107\" \/>\n<meta property=\"article:publisher\" content=\"https:\/\/www.facebook.com\/UkrasSvilajnac\" \/>\n<meta property=\"article:modified_time\" content=\"2025-11-17T12:07:48+00:00\" \/>\n<meta property=\"og:image\" content=\"https:\/\/www.ukras.com\/wp-content\/uploads\/2024\/06\/FSC-Ukras-2024.jpg\" \/>\n\t<meta property=\"og:image:width\" content=\"1241\" \/>\n\t<meta property=\"og:image:height\" content=\"1754\" \/>\n\t<meta property=\"og:image:type\" content=\"image\/jpeg\" \/>\n<meta name=\"twitter:card\" content=\"summary_large_image\" \/>\n<meta name=\"twitter:label1\" content=\"Gesch\u00e4tzte Lesezeit\" \/>\n\t<meta name=\"twitter:data1\" content=\"5\u00a0Minuten\" \/>\n<script type=\"application\/ld+json\" class=\"yoast-schema-graph\">{\"@context\":\"https:\\\/\\\/schema.org\",\"@graph\":[{\"@type\":\"WebPage\",\"@id\":\"https:\\\/\\\/www.ukras.com\\\/de\\\/sertifikati-i-priznanja\\\/\",\"url\":\"https:\\\/\\\/www.ukras.com\\\/de\\\/sertifikati-i-priznanja\\\/\",\"name\":\"Sertifikati i priznanja - UKRAS Veliki Popovi\u0107\",\"isPartOf\":{\"@id\":\"https:\\\/\\\/www.ukras.com\\\/#website\"},\"primaryImageOfPage\":{\"@id\":\"https:\\\/\\\/www.ukras.com\\\/de\\\/sertifikati-i-priznanja\\\/#primaryimage\"},\"image\":{\"@id\":\"https:\\\/\\\/www.ukras.com\\\/de\\\/sertifikati-i-priznanja\\\/#primaryimage\"},\"thumbnailUrl\":\"https:\\\/\\\/www.ukras.com\\\/wp-content\\\/uploads\\\/2024\\\/06\\\/FSC-Ukras-2024-725x1024.jpg\",\"datePublished\":\"2021-10-06T12:26:23+00:00\",\"dateModified\":\"2025-11-17T12:07:48+00:00\",\"breadcrumb\":{\"@id\":\"https:\\\/\\\/www.ukras.com\\\/de\\\/sertifikati-i-priznanja\\\/#breadcrumb\"},\"inLanguage\":\"de\",\"potentialAction\":[{\"@type\":\"ReadAction\",\"target\":[\"https:\\\/\\\/www.ukras.com\\\/de\\\/sertifikati-i-priznanja\\\/\"]}]},{\"@type\":\"ImageObject\",\"inLanguage\":\"de\",\"@id\":\"https:\\\/\\\/www.ukras.com\\\/de\\\/sertifikati-i-priznanja\\\/#primaryimage\",\"url\":\"https:\\\/\\\/www.ukras.com\\\/wp-content\\\/uploads\\\/2024\\\/06\\\/FSC-Ukras-2024-725x1024.jpg\",\"contentUrl\":\"https:\\\/\\\/www.ukras.com\\\/wp-content\\\/uploads\\\/2024\\\/06\\\/FSC-Ukras-2024-725x1024.jpg\"},{\"@type\":\"BreadcrumbList\",\"@id\":\"https:\\\/\\\/www.ukras.com\\\/de\\\/sertifikati-i-priznanja\\\/#breadcrumb\",\"itemListElement\":[{\"@type\":\"ListItem\",\"position\":1,\"name\":\"Home\",\"item\":\"https:\\\/\\\/www.ukras.com\\\/\"},{\"@type\":\"ListItem\",\"position\":2,\"name\":\"Zertifikate und anerkennung\"}]},{\"@type\":\"WebSite\",\"@id\":\"https:\\\/\\\/www.ukras.com\\\/de\\\/#website\",\"url\":\"https:\\\/\\\/www.ukras.com\\\/de\\\/\",\"name\":\"UKRAS\",\"description\":\"Herstellung von wei\u00dfen Sockelleisten, Parkettleisten, Laminatleisten, Innent\u00fcren . . .\",\"publisher\":{\"@id\":\"https:\\\/\\\/www.ukras.com\\\/de\\\/#organization\"},\"potentialAction\":[{\"@type\":\"SearchAction\",\"target\":{\"@type\":\"EntryPoint\",\"urlTemplate\":\"https:\\\/\\\/www.ukras.com\\\/de\\\/?s={search_term_string}\"},\"query-input\":{\"@type\":\"PropertyValueSpecification\",\"valueRequired\":true,\"valueName\":\"search_term_string\"}}],\"inLanguage\":\"de\"},{\"@type\":\"Organization\",\"@id\":\"https:\\\/\\\/www.ukras.com\\\/de\\\/#organization\",\"name\":\"UKRAS DOO Veliki Popovi\u0107\",\"url\":\"https:\\\/\\\/www.ukras.com\\\/de\\\/\",\"logo\":{\"@type\":\"ImageObject\",\"inLanguage\":\"de\",\"@id\":\"https:\\\/\\\/www.ukras.com\\\/de\\\/#\\\/schema\\\/logo\\\/image\\\/\",\"url\":\"https:\\\/\\\/www.ukras.com\\\/wp-content\\\/uploads\\\/2021\\\/09\\\/logo_ukras.png\",\"contentUrl\":\"https:\\\/\\\/www.ukras.com\\\/wp-content\\\/uploads\\\/2021\\\/09\\\/logo_ukras.png\",\"width\":336,\"height\":52,\"caption\":\"UKRAS DOO Veliki Popovi\u0107\"},\"image\":{\"@id\":\"https:\\\/\\\/www.ukras.com\\\/de\\\/#\\\/schema\\\/logo\\\/image\\\/\"},\"sameAs\":[\"https:\\\/\\\/www.facebook.com\\\/UkrasSvilajnac\",\"https:\\\/\\\/www.instagram.com\\\/ukras.doo\\\/\",\"https:\\\/\\\/www.youtube.com\\\/channel\\\/UCqBv6JCkcumnS5PO46iAOuA\"]}]}<\/script>\n<!-- \/ Yoast SEO plugin. -->","yoast_head_json":{"title":"Zertifikate und anerkennung","description":"Zertifikate FSC-Standard - internationale Zertifizierung f\u00fcr Holz aus nachhaltigen W\u00e4ldern Das Unternehmen \"UKRAS\" hat den FSC-Standard implementiert, der best\u00e4tigt, dass Holz und Holzmaterialien verwendet werden, die aus einer streng \u00fcberwachten Kette stammen, vom zertifizierten Wald bis zur Verarbeitung und Produktion. Das Unternehmen \"UKRAS\" hat sich daher bereit erkl\u00e4rt, die Produktion mit internationalen Standards zu harmonisieren,&hellip;","robots":{"index":"index","follow":"follow","max-snippet":"max-snippet:-1","max-image-preview":"max-image-preview:large","max-video-preview":"max-video-preview:-1"},"canonical":"Zertifikate FSC-Standard - internationale Zertifizierung f\u00fcr Holz aus nachhaltigen W\u00e4ldern Das Unternehmen \"UKRAS\" hat den FSC-Standard implementiert, der best\u00e4tigt, dass Holz und Holzmaterialien verwendet werden, die aus einer streng \u00fcberwachten Kette stammen, vom zertifizierten Wald bis zur Verarbeitung und Produktion. Das Unternehmen \"UKRAS\" hat sich daher bereit erkl\u00e4rt, die Produktion mit internationalen Standards zu harmonisieren,&hellip;","og_locale":"de_DE","og_type":"article","og_title":"Zertifikate und anerkennung","og_description":"Zertifikate FSC-Standard - internationale Zertifizierung f\u00fcr Holz aus nachhaltigen W\u00e4ldern Das Unternehmen \"UKRAS\" hat den FSC-Standard implementiert, der best\u00e4tigt, dass Holz und Holzmaterialien verwendet werden, die aus einer streng \u00fcberwachten Kette stammen, vom zertifizierten Wald bis zur Verarbeitung und Produktion. Das Unternehmen \"UKRAS\" hat sich daher bereit erkl\u00e4rt, die Produktion mit internationalen Standards zu harmonisieren,&hellip;","og_url":"https:\/\/www.ukras.com\/de\/sertifikati-i-priznanja\/","og_site_name":"UKRAS Veliki Popovi\u0107","article_publisher":"https:\/\/www.facebook.com\/UkrasSvilajnac","article_modified_time":"2025-11-17T12:07:48+00:00","og_image":[{"width":1241,"height":1754,"url":"https:\/\/www.ukras.com\/wp-content\/uploads\/2024\/06\/FSC-Ukras-2024.jpg","type":"image\/jpeg"}],"twitter_card":"summary_large_image","twitter_misc":{"Gesch\u00e4tzte Lesezeit":"5\u00a0Minuten"},"schema":{"@context":"https:\/\/schema.org","@graph":[{"@type":"WebPage","@id":"https:\/\/www.ukras.com\/de\/sertifikati-i-priznanja\/","url":"https:\/\/www.ukras.com\/de\/sertifikati-i-priznanja\/","name":"Sertifikati i priznanja - UKRAS Veliki Popovi\u0107","isPartOf":{"@id":"https:\/\/www.ukras.com\/#website"},"primaryImageOfPage":{"@id":"https:\/\/www.ukras.com\/de\/sertifikati-i-priznanja\/#primaryimage"},"image":{"@id":"https:\/\/www.ukras.com\/de\/sertifikati-i-priznanja\/#primaryimage"},"thumbnailUrl":"https:\/\/www.ukras.com\/wp-content\/uploads\/2024\/06\/FSC-Ukras-2024-725x1024.jpg","datePublished":"2021-10-06T12:26:23+00:00","dateModified":"2025-11-17T12:07:48+00:00","breadcrumb":{"@id":"https:\/\/www.ukras.com\/de\/sertifikati-i-priznanja\/#breadcrumb"},"inLanguage":"de","potentialAction":[{"@type":"ReadAction","target":["https:\/\/www.ukras.com\/de\/sertifikati-i-priznanja\/"]}]},{"@type":"ImageObject","inLanguage":"de","@id":"https:\/\/www.ukras.com\/de\/sertifikati-i-priznanja\/#primaryimage","url":"https:\/\/www.ukras.com\/wp-content\/uploads\/2024\/06\/FSC-Ukras-2024-725x1024.jpg","contentUrl":"https:\/\/www.ukras.com\/wp-content\/uploads\/2024\/06\/FSC-Ukras-2024-725x1024.jpg"},{"@type":"BreadcrumbList","@id":"https:\/\/www.ukras.com\/de\/sertifikati-i-priznanja\/#breadcrumb","itemListElement":[{"@type":"ListItem","position":1,"name":"Home","item":"https:\/\/www.ukras.com\/"},{"@type":"ListItem","position":2,"name":"Zertifikate und anerkennung"}]},{"@type":"WebSite","@id":"https:\/\/www.ukras.com\/de\/#website","url":"https:\/\/www.ukras.com\/de\/","name":"UKRAS","description":"Herstellung von wei\u00dfen Sockelleisten, Parkettleisten, Laminatleisten, Innent\u00fcren . . .","publisher":{"@id":"https:\/\/www.ukras.com\/de\/#organization"},"potentialAction":[{"@type":"SearchAction","target":{"@type":"EntryPoint","urlTemplate":"https:\/\/www.ukras.com\/de\/?s={search_term_string}"},"query-input":{"@type":"PropertyValueSpecification","valueRequired":true,"valueName":"search_term_string"}}],"inLanguage":"de"},{"@type":"Organization","@id":"https:\/\/www.ukras.com\/de\/#organization","name":"UKRAS DOO Veliki Popovi\u0107","url":"https:\/\/www.ukras.com\/de\/","logo":{"@type":"ImageObject","inLanguage":"de","@id":"https:\/\/www.ukras.com\/de\/#\/schema\/logo\/image\/","url":"https:\/\/www.ukras.com\/wp-content\/uploads\/2021\/09\/logo_ukras.png","contentUrl":"https:\/\/www.ukras.com\/wp-content\/uploads\/2021\/09\/logo_ukras.png","width":336,"height":52,"caption":"UKRAS DOO Veliki Popovi\u0107"},"image":{"@id":"https:\/\/www.ukras.com\/de\/#\/schema\/logo\/image\/"},"sameAs":["https:\/\/www.facebook.com\/UkrasSvilajnac","https:\/\/www.instagram.com\/ukras.doo\/","https:\/\/www.youtube.com\/channel\/UCqBv6JCkcumnS5PO46iAOuA"]}]}},"_links":{"self":[{"href":"https:\/\/www.ukras.com\/de\/wp-json\/wp\/v2\/pages\/816","targetHints":{"allow":["GET"]}}],"collection":[{"href":"https:\/\/www.ukras.com\/de\/wp-json\/wp\/v2\/pages"}],"about":[{"href":"https:\/\/www.ukras.com\/de\/wp-json\/wp\/v2\/types\/page"}],"author":[{"embeddable":true,"href":"https:\/\/www.ukras.com\/de\/wp-json\/wp\/v2\/users\/1"}],"replies":[{"embeddable":true,"href":"https:\/\/www.ukras.com\/de\/wp-json\/wp\/v2\/comments?post=816"}],"version-history":[{"count":0,"href":"https:\/\/www.ukras.com\/de\/wp-json\/wp\/v2\/pages\/816\/revisions"}],"wp:attachment":[{"href":"https:\/\/www.ukras.com\/de\/wp-json\/wp\/v2\/media?parent=816"}],"curies":[{"name":"wp","href":"https:\/\/api.w.org\/{rel}","templated":true}]}}