{"id":3481,"date":"2024-07-11T11:39:31","date_gmt":"2024-07-11T10:39:31","guid":{"rendered":"https:\/\/www.ukras.com\/?page_id=3481"},"modified":"2026-02-13T13:58:51","modified_gmt":"2026-02-13T12:58:51","slug":"prodavnice","status":"publish","type":"page","link":"https:\/\/www.ukras.com\/ru\/prodavnice\/","title":{"rendered":"Prodavnice"},"content":{"rendered":"\n<figure class=\"wp-block-table aligncenter is-style-regular\"><table class=\"has-fixed-layout\"><tbody><tr><td><strong>Ukras \u2013 Beograd<\/strong><br>Ljutice Bogdana 1a<br><i class=\"fa fa-phone\"> <\/i> 011 367 05 42<br> <i class=\"fa fa-mobile-phone\"> <\/i> 063 10 90 351<br>Radno vreme: <br>radnim danima 09-17h, subotom 09-13h<br><i class=\"fa fa-envelope-o\"> <\/i> <a rel=\"noreferrer noopener\" href=\"mailto:beograd@ukras.com\" target=\"_blank\">beograd@ukras.com<\/a><\/td><td><strong>Ukras \u2013 Ni\u0161<\/strong><br>Vojvode Mi\u0161i\u0107a 95<br> <i class=\"fa fa-phone\"> <\/i> 018 521 995 <br> <i class=\"fa fa-mobile-phone\"> <\/i> 063 10 90 354<br>Radno vreme: <br>radnim danima 08-17h, subotom 08-13h<br><i class=\"fa fa-envelope-o\"> <\/i> <a href=\"mailto:nis@ukras.com\" target=\"_blank\" rel=\"noreferrer noopener\">nis@ukras.com<\/a><\/td><\/tr><tr><td><strong>Ukras \u2013 Novi Sad<\/strong><br>Vuka Karad\u017ei\u0107a 7 <br><i class=\"fa fa-phone\"> <\/i> 021 66 16 872 <br> <i class=\"fa fa-mobile-phone\"> <\/i> 063 10 90 352<br>Radno vreme:  <br>radnim danima 09-16h, subotom 09-13h<br><i class=\"fa fa-envelope-o\"> <\/i> <a href=\"mailto:novi.sad@ukras.com\" target=\"_blank\" rel=\"noreferrer noopener\">novi.sad@ukras.com<\/a><\/td><td><strong>Ukras \u2013 Svilajnac<\/strong><br>Kralja Petra I 119<br>(preko puta Poljoprivredne \u0161kole) <br> <i class=\"fa fa-mobile-phone\"><\/i> 063 10 90 356<br>Radno vreme: <br>radnim danima 08-15h, subotom 08-13h<br><i class=\"fa fa-envelope-o\"><\/i> <a href=\"mailto:svilajnac@ukras.com\" target=\"_blank\" rel=\"noreferrer noopener\">svilajnac@ukras.com<\/a><\/td><\/tr><tr><td><strong>Ukras \u2013 Veliki Popovi\u0107<\/strong><br><span style=\"color:#666666\" class=\"has-inline-color\"><em>(Fabrika i sedi\u0161te firme)<\/em><\/span><br>Veliki Popovi\u0107 bb <br><i class=\"fa fa-phone\"> <\/i> 035 621 331<br><i class=\"fa fa-fax\"> <\/i> 035 621 740<br>Radno vreme:  <br>radnim danima 07-15h<br><i class=\"fa fa-envelope-o\"> <\/i> <a rel=\"noreferrer noopener\" href=\"mailto:info@ukras.com\" target=\"_blank\">info@ukras.com<\/a><\/td><td><br><br><br><img loading=\"lazy\" decoding=\"async\" width=\"300\" height=\"54\" class=\"wp-image-1333\" style=\"width: 300px;\" src=\"http:\/\/www.ukras.com\/wp-content\/uploads\/2021\/10\/Logo-Ukras.png\" alt=\"\" srcset=\"https:\/\/www.ukras.com\/wp-content\/uploads\/2021\/10\/Logo-Ukras.png 2339w, https:\/\/www.ukras.com\/wp-content\/uploads\/2021\/10\/Logo-Ukras-300x54.png 300w, https:\/\/www.ukras.com\/wp-content\/uploads\/2021\/10\/Logo-Ukras-1024x184.png 1024w, https:\/\/www.ukras.com\/wp-content\/uploads\/2021\/10\/Logo-Ukras-768x138.png 768w, https:\/\/www.ukras.com\/wp-content\/uploads\/2021\/10\/Logo-Ukras-1536x276.png 1536w, https:\/\/www.ukras.com\/wp-content\/uploads\/2021\/10\/Logo-Ukras-2048x368.png 2048w, https:\/\/www.ukras.com\/wp-content\/uploads\/2021\/10\/Logo-Ukras-1320x237.png 1320w, https:\/\/www.ukras.com\/wp-content\/uploads\/2021\/10\/Logo-Ukras-600x108.png 600w\" sizes=\"auto, (max-width: 300px) 100vw, 300px\" \/><\/td><\/tr><\/tbody><\/table><\/figure>\n\n\n\n<p><\/p>\n","protected":false},"excerpt":{"rendered":"<p>Ukras \u2013 BeogradLjutice Bogdana 1a 011 367 05 42 063 10 90 351Radno vreme: radnim danima 09-17h, subotom 09-13h beograd@ukras.com Ukras \u2013 Ni\u0161Vojvode Mi\u0161i\u0107a 95 018 521 995 063 10 90 354Radno vreme: radnim danima 08-17h, subotom 08-13h nis@ukras.com Ukras \u2013 Novi SadVuka Karad\u017ei\u0107a 7 021 66 16 872 063 10 90 352Radno vreme: radnim [&hellip;]<\/p>\n","protected":false},"author":1,"featured_media":0,"parent":0,"menu_order":0,"comment_status":"closed","ping_status":"closed","template":"","meta":{"footnotes":""},"class_list":["post-3481","page","type-page","status-publish","hentry","zita-woo-hover-none","zita-woo-alignment-center","zita-shadow-0","zita-shadow-hover-3","zita-single-product-content-center","zita-single-product-tab-horizontal"],"yoast_head":"<!-- This site is optimized with the Yoast SEO plugin v27.3 - https:\/\/yoast.com\/product\/yoast-seo-wordpress\/ -->\n<title>Prodavnice<\/title>\n<meta name=\"description\" content=\"Ukras \u2013 BeogradLjutice Bogdana 1a 011 367 05 42 063 10 90 351Radno vreme: radnim danima 09-17h, subotom 09-13h beograd@ukras.comUkras \u2013 Ni\u0161Vojvode Mi\u0161i\u0107a 95 018 521 995 063 10 90 354Radno vreme: radnim danima 08-17h, subotom 08-13h nis@ukras.comUkras \u2013 Novi SadVuka Karad\u017ei\u0107a 7 021 66 16 872 063 10 90 352Radno vreme: radnim danima 09-16h,&hellip;\" \/>\n<meta name=\"robots\" content=\"index, follow, max-snippet:-1, max-image-preview:large, max-video-preview:-1\" \/>\n<link rel=\"canonical\" href=\"\" \/>\n<meta property=\"og:locale\" content=\"ru_RU\" \/>\n<meta property=\"og:type\" content=\"article\" \/>\n<meta property=\"og:title\" content=\"Prodavnice\" \/>\n<meta property=\"og:description\" content=\"Ukras \u2013 BeogradLjutice Bogdana 1a 011 367 05 42 063 10 90 351Radno vreme: radnim danima 09-17h, subotom 09-13h beograd@ukras.comUkras \u2013 Ni\u0161Vojvode Mi\u0161i\u0107a 95 018 521 995 063 10 90 354Radno vreme: radnim danima 08-17h, subotom 08-13h nis@ukras.comUkras \u2013 Novi SadVuka Karad\u017ei\u0107a 7 021 66 16 872 063 10 90 352Radno vreme: radnim danima 09-16h,&hellip;\" \/>\n<meta property=\"og:url\" content=\"https:\/\/www.ukras.com\/ru\/prodavnice\/\" \/>\n<meta property=\"og:site_name\" content=\"UKRAS Veliki Popovi\u0107\" \/>\n<meta property=\"article:publisher\" content=\"https:\/\/www.facebook.com\/UkrasSvilajnac\" \/>\n<meta property=\"article:modified_time\" content=\"2026-02-13T12:58:51+00:00\" \/>\n<meta property=\"og:image\" content=\"http:\/\/www.ukras.com\/wp-content\/uploads\/2021\/10\/Logo-Ukras.png\" \/>\n<meta name=\"twitter:card\" content=\"summary_large_image\" \/>\n<meta name=\"twitter:label1\" content=\"\u041f\u0440\u0438\u043c\u0435\u0440\u043d\u043e\u0435 \u0432\u0440\u0435\u043c\u044f \u0434\u043b\u044f \u0447\u0442\u0435\u043d\u0438\u044f\" \/>\n\t<meta name=\"twitter:data1\" content=\"1 \u043c\u0438\u043d\u0443\u0442\u0430\" \/>\n<script type=\"application\/ld+json\" class=\"yoast-schema-graph\">{\"@context\":\"https:\\\/\\\/schema.org\",\"@graph\":[{\"@type\":\"WebPage\",\"@id\":\"https:\\\/\\\/www.ukras.com\\\/ru\\\/prodavnice\\\/\",\"url\":\"https:\\\/\\\/www.ukras.com\\\/ru\\\/prodavnice\\\/\",\"name\":\"Prodavnice - UKRAS Veliki Popovi\u0107\",\"isPartOf\":{\"@id\":\"https:\\\/\\\/www.ukras.com\\\/#website\"},\"primaryImageOfPage\":{\"@id\":\"https:\\\/\\\/www.ukras.com\\\/ru\\\/prodavnice\\\/#primaryimage\"},\"image\":{\"@id\":\"https:\\\/\\\/www.ukras.com\\\/ru\\\/prodavnice\\\/#primaryimage\"},\"thumbnailUrl\":\"http:\\\/\\\/www.ukras.com\\\/wp-content\\\/uploads\\\/2021\\\/10\\\/Logo-Ukras.png\",\"datePublished\":\"2024-07-11T10:39:31+00:00\",\"dateModified\":\"2026-02-13T12:58:51+00:00\",\"breadcrumb\":{\"@id\":\"https:\\\/\\\/www.ukras.com\\\/ru\\\/prodavnice\\\/#breadcrumb\"},\"inLanguage\":\"ru-RU\",\"potentialAction\":[{\"@type\":\"ReadAction\",\"target\":[\"https:\\\/\\\/www.ukras.com\\\/ru\\\/prodavnice\\\/\"]}]},{\"@type\":\"ImageObject\",\"inLanguage\":\"ru-RU\",\"@id\":\"https:\\\/\\\/www.ukras.com\\\/ru\\\/prodavnice\\\/#primaryimage\",\"url\":\"http:\\\/\\\/www.ukras.com\\\/wp-content\\\/uploads\\\/2021\\\/10\\\/Logo-Ukras.png\",\"contentUrl\":\"http:\\\/\\\/www.ukras.com\\\/wp-content\\\/uploads\\\/2021\\\/10\\\/Logo-Ukras.png\"},{\"@type\":\"BreadcrumbList\",\"@id\":\"https:\\\/\\\/www.ukras.com\\\/ru\\\/prodavnice\\\/#breadcrumb\",\"itemListElement\":[{\"@type\":\"ListItem\",\"position\":1,\"name\":\"Home\",\"item\":\"https:\\\/\\\/www.ukras.com\\\/\"},{\"@type\":\"ListItem\",\"position\":2,\"name\":\"Prodavnice\"}]},{\"@type\":\"WebSite\",\"@id\":\"https:\\\/\\\/www.ukras.com\\\/ru\\\/#website\",\"url\":\"https:\\\/\\\/www.ukras.com\\\/ru\\\/\",\"name\":\"UKRAS\",\"description\":\"\u041f\u0440\u043e\u0438\u0437\u0432\u043e\u0434\u0441\u0442\u0432\u043e \u043f\u043b\u0438\u043d\u0442\u0443\u0441\u043e\u0432 \u0434\u043b\u044f \u043f\u043e\u043b\u043e\u0432, \u043f\u0430\u0440\u043a\u0435\u0442\u0430, \u043b\u0430\u043c\u0438\u043d\u0430\u0442\u0430, \u0432\u043d\u0443\u0442\u0440\u0435\u043d\u043d\u0438\u0445 \u0434\u0432\u0435\u0440\u0435\u0439 . . .\",\"publisher\":{\"@id\":\"https:\\\/\\\/www.ukras.com\\\/ru\\\/#organization\"},\"potentialAction\":[{\"@type\":\"SearchAction\",\"target\":{\"@type\":\"EntryPoint\",\"urlTemplate\":\"https:\\\/\\\/www.ukras.com\\\/ru\\\/?s={search_term_string}\"},\"query-input\":{\"@type\":\"PropertyValueSpecification\",\"valueRequired\":true,\"valueName\":\"search_term_string\"}}],\"inLanguage\":\"ru-RU\"},{\"@type\":\"Organization\",\"@id\":\"https:\\\/\\\/www.ukras.com\\\/ru\\\/#organization\",\"name\":\"UKRAS DOO Veliki Popovi\u0107\",\"url\":\"https:\\\/\\\/www.ukras.com\\\/ru\\\/\",\"logo\":{\"@type\":\"ImageObject\",\"inLanguage\":\"ru-RU\",\"@id\":\"https:\\\/\\\/www.ukras.com\\\/ru\\\/#\\\/schema\\\/logo\\\/image\\\/\",\"url\":\"https:\\\/\\\/www.ukras.com\\\/wp-content\\\/uploads\\\/2021\\\/09\\\/logo_ukras.png\",\"contentUrl\":\"https:\\\/\\\/www.ukras.com\\\/wp-content\\\/uploads\\\/2021\\\/09\\\/logo_ukras.png\",\"width\":336,\"height\":52,\"caption\":\"UKRAS DOO Veliki Popovi\u0107\"},\"image\":{\"@id\":\"https:\\\/\\\/www.ukras.com\\\/ru\\\/#\\\/schema\\\/logo\\\/image\\\/\"},\"sameAs\":[\"https:\\\/\\\/www.facebook.com\\\/UkrasSvilajnac\",\"https:\\\/\\\/www.instagram.com\\\/ukras.doo\\\/\",\"https:\\\/\\\/www.youtube.com\\\/channel\\\/UCqBv6JCkcumnS5PO46iAOuA\"]}]}<\/script>\n<!-- \/ Yoast SEO plugin. -->","yoast_head_json":{"title":"Prodavnice","description":"Ukras \u2013 BeogradLjutice Bogdana 1a 011 367 05 42 063 10 90 351Radno vreme: radnim danima 09-17h, subotom 09-13h beograd@ukras.comUkras \u2013 Ni\u0161Vojvode Mi\u0161i\u0107a 95 018 521 995 063 10 90 354Radno vreme: radnim danima 08-17h, subotom 08-13h nis@ukras.comUkras \u2013 Novi SadVuka Karad\u017ei\u0107a 7 021 66 16 872 063 10 90 352Radno vreme: radnim danima 09-16h,&hellip;","robots":{"index":"index","follow":"follow","max-snippet":"max-snippet:-1","max-image-preview":"max-image-preview:large","max-video-preview":"max-video-preview:-1"},"canonical":"Ukras \u2013 BeogradLjutice Bogdana 1a 011 367 05 42 063 10 90 351Radno vreme: radnim danima 09-17h, subotom 09-13h beograd@ukras.comUkras \u2013 Ni\u0161Vojvode Mi\u0161i\u0107a 95 018 521 995 063 10 90 354Radno vreme: radnim danima 08-17h, subotom 08-13h nis@ukras.comUkras \u2013 Novi SadVuka Karad\u017ei\u0107a 7 021 66 16 872 063 10 90 352Radno vreme: radnim danima 09-16h,&hellip;","og_locale":"ru_RU","og_type":"article","og_title":"Prodavnice","og_description":"Ukras \u2013 BeogradLjutice Bogdana 1a 011 367 05 42 063 10 90 351Radno vreme: radnim danima 09-17h, subotom 09-13h beograd@ukras.comUkras \u2013 Ni\u0161Vojvode Mi\u0161i\u0107a 95 018 521 995 063 10 90 354Radno vreme: radnim danima 08-17h, subotom 08-13h nis@ukras.comUkras \u2013 Novi SadVuka Karad\u017ei\u0107a 7 021 66 16 872 063 10 90 352Radno vreme: radnim danima 09-16h,&hellip;","og_url":"https:\/\/www.ukras.com\/ru\/prodavnice\/","og_site_name":"UKRAS Veliki Popovi\u0107","article_publisher":"https:\/\/www.facebook.com\/UkrasSvilajnac","article_modified_time":"2026-02-13T12:58:51+00:00","og_image":[{"url":"http:\/\/www.ukras.com\/wp-content\/uploads\/2021\/10\/Logo-Ukras.png","type":"","width":"","height":""}],"twitter_card":"summary_large_image","twitter_misc":{"\u041f\u0440\u0438\u043c\u0435\u0440\u043d\u043e\u0435 \u0432\u0440\u0435\u043c\u044f \u0434\u043b\u044f \u0447\u0442\u0435\u043d\u0438\u044f":"1 \u043c\u0438\u043d\u0443\u0442\u0430"},"schema":{"@context":"https:\/\/schema.org","@graph":[{"@type":"WebPage","@id":"https:\/\/www.ukras.com\/ru\/prodavnice\/","url":"https:\/\/www.ukras.com\/ru\/prodavnice\/","name":"Prodavnice - UKRAS Veliki Popovi\u0107","isPartOf":{"@id":"https:\/\/www.ukras.com\/#website"},"primaryImageOfPage":{"@id":"https:\/\/www.ukras.com\/ru\/prodavnice\/#primaryimage"},"image":{"@id":"https:\/\/www.ukras.com\/ru\/prodavnice\/#primaryimage"},"thumbnailUrl":"http:\/\/www.ukras.com\/wp-content\/uploads\/2021\/10\/Logo-Ukras.png","datePublished":"2024-07-11T10:39:31+00:00","dateModified":"2026-02-13T12:58:51+00:00","breadcrumb":{"@id":"https:\/\/www.ukras.com\/ru\/prodavnice\/#breadcrumb"},"inLanguage":"ru-RU","potentialAction":[{"@type":"ReadAction","target":["https:\/\/www.ukras.com\/ru\/prodavnice\/"]}]},{"@type":"ImageObject","inLanguage":"ru-RU","@id":"https:\/\/www.ukras.com\/ru\/prodavnice\/#primaryimage","url":"http:\/\/www.ukras.com\/wp-content\/uploads\/2021\/10\/Logo-Ukras.png","contentUrl":"http:\/\/www.ukras.com\/wp-content\/uploads\/2021\/10\/Logo-Ukras.png"},{"@type":"BreadcrumbList","@id":"https:\/\/www.ukras.com\/ru\/prodavnice\/#breadcrumb","itemListElement":[{"@type":"ListItem","position":1,"name":"Home","item":"https:\/\/www.ukras.com\/"},{"@type":"ListItem","position":2,"name":"Prodavnice"}]},{"@type":"WebSite","@id":"https:\/\/www.ukras.com\/ru\/#website","url":"https:\/\/www.ukras.com\/ru\/","name":"UKRAS","description":"\u041f\u0440\u043e\u0438\u0437\u0432\u043e\u0434\u0441\u0442\u0432\u043e \u043f\u043b\u0438\u043d\u0442\u0443\u0441\u043e\u0432 \u0434\u043b\u044f \u043f\u043e\u043b\u043e\u0432, \u043f\u0430\u0440\u043a\u0435\u0442\u0430, \u043b\u0430\u043c\u0438\u043d\u0430\u0442\u0430, \u0432\u043d\u0443\u0442\u0440\u0435\u043d\u043d\u0438\u0445 \u0434\u0432\u0435\u0440\u0435\u0439 . . .","publisher":{"@id":"https:\/\/www.ukras.com\/ru\/#organization"},"potentialAction":[{"@type":"SearchAction","target":{"@type":"EntryPoint","urlTemplate":"https:\/\/www.ukras.com\/ru\/?s={search_term_string}"},"query-input":{"@type":"PropertyValueSpecification","valueRequired":true,"valueName":"search_term_string"}}],"inLanguage":"ru-RU"},{"@type":"Organization","@id":"https:\/\/www.ukras.com\/ru\/#organization","name":"UKRAS DOO Veliki Popovi\u0107","url":"https:\/\/www.ukras.com\/ru\/","logo":{"@type":"ImageObject","inLanguage":"ru-RU","@id":"https:\/\/www.ukras.com\/ru\/#\/schema\/logo\/image\/","url":"https:\/\/www.ukras.com\/wp-content\/uploads\/2021\/09\/logo_ukras.png","contentUrl":"https:\/\/www.ukras.com\/wp-content\/uploads\/2021\/09\/logo_ukras.png","width":336,"height":52,"caption":"UKRAS DOO Veliki Popovi\u0107"},"image":{"@id":"https:\/\/www.ukras.com\/ru\/#\/schema\/logo\/image\/"},"sameAs":["https:\/\/www.facebook.com\/UkrasSvilajnac","https:\/\/www.instagram.com\/ukras.doo\/","https:\/\/www.youtube.com\/channel\/UCqBv6JCkcumnS5PO46iAOuA"]}]}},"_links":{"self":[{"href":"https:\/\/www.ukras.com\/ru\/wp-json\/wp\/v2\/pages\/3481","targetHints":{"allow":["GET"]}}],"collection":[{"href":"https:\/\/www.ukras.com\/ru\/wp-json\/wp\/v2\/pages"}],"about":[{"href":"https:\/\/www.ukras.com\/ru\/wp-json\/wp\/v2\/types\/page"}],"author":[{"embeddable":true,"href":"https:\/\/www.ukras.com\/ru\/wp-json\/wp\/v2\/users\/1"}],"replies":[{"embeddable":true,"href":"https:\/\/www.ukras.com\/ru\/wp-json\/wp\/v2\/comments?post=3481"}],"version-history":[{"count":1,"href":"https:\/\/www.ukras.com\/ru\/wp-json\/wp\/v2\/pages\/3481\/revisions"}],"predecessor-version":[{"id":3639,"href":"https:\/\/www.ukras.com\/ru\/wp-json\/wp\/v2\/pages\/3481\/revisions\/3639"}],"wp:attachment":[{"href":"https:\/\/www.ukras.com\/ru\/wp-json\/wp\/v2\/media?parent=3481"}],"curies":[{"name":"wp","href":"https:\/\/api.w.org\/{rel}","templated":true}]}}