{"id":523,"date":"2018-12-23T18:15:21","date_gmt":"2018-12-23T18:15:21","guid":{"rendered":"http:\/\/ukras.lu.rs\/product\/stubici-2\/"},"modified":"2021-11-16T11:36:49","modified_gmt":"2021-11-16T09:36:49","slug":"stubici-za-lajsne-mdf-bela-farba","status":"publish","type":"product","link":"https:\/\/www.ukras.com\/ru\/proizvodi\/stubici-za-lajsne-mdf-bela-farba\/","title":{"rendered":"Stubi\u0107i za lajsne MDF bela farba"},"content":{"rendered":"","protected":false},"excerpt":{"rendered":"<p><strong>Dimenzije stubi\u0107a:<\/strong><br \/>\n18x18mm<\/p>\n<p><strong>Visina stubi\u0107a:<\/strong><br \/>\nZa lajsne visine <strong>60 mm<\/strong> koriste se stubi\u0107i <strong>63 mm<\/strong><br \/>\nZa lajsne visine <strong>80 mm<\/strong> koriste se stubi\u0107i <strong>83 mm<\/strong><br \/>\nZa lajsne visine <strong>100 mm<\/strong> koriste se stubi\u0107i <strong>103 mm<\/strong><br \/>\nZa lajsne visine <strong>120 mm<\/strong> koriste se stubi\u0107i <strong>123 mm<\/strong><br \/>\nZa lajsne visine <strong>150 mm<\/strong> koriste se stubi\u0107i <strong>153 mm<\/strong><\/p>\n","protected":false},"featured_media":3011,"template":"","meta":[],"product_brand":[],"product_cat":[33],"product_tag":[],"class_list":{"0":"post-523","1":"product","2":"type-product","3":"status-publish","4":"has-post-thumbnail","6":"product_cat-pribor-za-postavljanje-lajsni","7":"zita-woo-hover-none","8":"zita-woo-alignment-center","9":"zita-shadow-0","10":"zita-shadow-hover-3","11":"zita-single-product-content-center","12":"zita-single-product-tab-horizontal","14":"first","15":"instock","16":"taxable","17":"shipping-taxable","18":"purchasable","19":"product-type-simple"},"yoast_head":"<!-- This site is optimized with the Yoast SEO plugin v27.3 - https:\/\/yoast.com\/product\/yoast-seo-wordpress\/ -->\n<title>Stubi\u0107i za lajsne MDF bela farba - UKRAS Veliki Popovi\u0107<\/title>\n<meta name=\"robots\" content=\"index, follow, max-snippet:-1, max-image-preview:large, max-video-preview:-1\" \/>\n<link rel=\"canonical\" href=\"https:\/\/www.ukras.com\/ru\/proizvodi\/stubici-za-lajsne-mdf-bela-farba\/\" \/>\n<meta property=\"og:locale\" content=\"ru_RU\" \/>\n<meta property=\"og:type\" content=\"article\" \/>\n<meta property=\"og:title\" content=\"Stubi\u0107i za lajsne MDF bela farba - UKRAS Veliki Popovi\u0107\" \/>\n<meta property=\"og:description\" content=\"Dimenzije stubi\u0107a: 18x18mm Visina stubi\u0107a: Za lajsne visine 60 mm koriste se stubi\u0107i 63 mm Za lajsne visine 80 mm koriste se stubi\u0107i 83 mm Za lajsne visine 100 mm koriste se stubi\u0107i 103 mm Za lajsne visine 120 mm koriste se stubi\u0107i 123 mm Za lajsne visine 150 mm koriste se stubi\u0107i 153 mm\" \/>\n<meta property=\"og:url\" content=\"https:\/\/www.ukras.com\/ru\/proizvodi\/stubici-za-lajsne-mdf-bela-farba\/\" \/>\n<meta property=\"og:site_name\" content=\"UKRAS Veliki Popovi\u0107\" \/>\n<meta property=\"article:publisher\" content=\"https:\/\/www.facebook.com\/UkrasSvilajnac\" \/>\n<meta property=\"article:modified_time\" content=\"2021-11-16T09:36:49+00:00\" \/>\n<meta property=\"og:image\" content=\"https:\/\/www.ukras.com\/wp-content\/uploads\/2018\/12\/Stubici.jpg\" \/>\n\t<meta property=\"og:image:width\" content=\"1000\" \/>\n\t<meta property=\"og:image:height\" content=\"1000\" \/>\n\t<meta property=\"og:image:type\" content=\"image\/jpeg\" \/>\n<meta name=\"twitter:card\" content=\"summary_large_image\" \/>\n<script type=\"application\/ld+json\" class=\"yoast-schema-graph\">{\"@context\":\"https:\\\/\\\/schema.org\",\"@graph\":[{\"@type\":\"WebPage\",\"@id\":\"https:\\\/\\\/www.ukras.com\\\/ru\\\/proizvodi\\\/stubici-za-lajsne-mdf-bela-farba\\\/\",\"url\":\"https:\\\/\\\/www.ukras.com\\\/ru\\\/proizvodi\\\/stubici-za-lajsne-mdf-bela-farba\\\/\",\"name\":\"Stubi\u0107i za lajsne MDF bela farba - UKRAS Veliki Popovi\u0107\",\"isPartOf\":{\"@id\":\"https:\\\/\\\/www.ukras.com\\\/#website\"},\"primaryImageOfPage\":{\"@id\":\"https:\\\/\\\/www.ukras.com\\\/ru\\\/proizvodi\\\/stubici-za-lajsne-mdf-bela-farba\\\/#primaryimage\"},\"image\":{\"@id\":\"https:\\\/\\\/www.ukras.com\\\/ru\\\/proizvodi\\\/stubici-za-lajsne-mdf-bela-farba\\\/#primaryimage\"},\"thumbnailUrl\":\"https:\\\/\\\/www.ukras.com\\\/wp-content\\\/uploads\\\/2018\\\/12\\\/Stubici.jpg\",\"datePublished\":\"2018-12-23T18:15:21+00:00\",\"dateModified\":\"2021-11-16T09:36:49+00:00\",\"breadcrumb\":{\"@id\":\"https:\\\/\\\/www.ukras.com\\\/ru\\\/proizvodi\\\/stubici-za-lajsne-mdf-bela-farba\\\/#breadcrumb\"},\"inLanguage\":\"ru-RU\",\"potentialAction\":[{\"@type\":\"ReadAction\",\"target\":[\"https:\\\/\\\/www.ukras.com\\\/ru\\\/proizvodi\\\/stubici-za-lajsne-mdf-bela-farba\\\/\"]}]},{\"@type\":\"ImageObject\",\"inLanguage\":\"ru-RU\",\"@id\":\"https:\\\/\\\/www.ukras.com\\\/ru\\\/proizvodi\\\/stubici-za-lajsne-mdf-bela-farba\\\/#primaryimage\",\"url\":\"https:\\\/\\\/www.ukras.com\\\/wp-content\\\/uploads\\\/2018\\\/12\\\/Stubici.jpg\",\"contentUrl\":\"https:\\\/\\\/www.ukras.com\\\/wp-content\\\/uploads\\\/2018\\\/12\\\/Stubici.jpg\",\"width\":1000,\"height\":1000},{\"@type\":\"BreadcrumbList\",\"@id\":\"https:\\\/\\\/www.ukras.com\\\/ru\\\/proizvodi\\\/stubici-za-lajsne-mdf-bela-farba\\\/#breadcrumb\",\"itemListElement\":[{\"@type\":\"ListItem\",\"position\":1,\"name\":\"Home\",\"item\":\"https:\\\/\\\/www.ukras.com\\\/\"},{\"@type\":\"ListItem\",\"position\":2,\"name\":\"\u041f\u0440\u043e\u0434\u0443\u043a\u0442\u044b\",\"item\":\"https:\\\/\\\/www.ukras.com\\\/proizvodi\\\/\"},{\"@type\":\"ListItem\",\"position\":3,\"name\":\"Stubi\u0107i za lajsne MDF bela farba\"}]},{\"@type\":\"WebSite\",\"@id\":\"https:\\\/\\\/www.ukras.com\\\/ru\\\/#website\",\"url\":\"https:\\\/\\\/www.ukras.com\\\/ru\\\/\",\"name\":\"UKRAS\",\"description\":\"\u041f\u0440\u043e\u0438\u0437\u0432\u043e\u0434\u0441\u0442\u0432\u043e \u043f\u043b\u0438\u043d\u0442\u0443\u0441\u043e\u0432 \u0434\u043b\u044f \u043f\u043e\u043b\u043e\u0432, \u043f\u0430\u0440\u043a\u0435\u0442\u0430, \u043b\u0430\u043c\u0438\u043d\u0430\u0442\u0430, \u0432\u043d\u0443\u0442\u0440\u0435\u043d\u043d\u0438\u0445 \u0434\u0432\u0435\u0440\u0435\u0439 . . .\",\"publisher\":{\"@id\":\"https:\\\/\\\/www.ukras.com\\\/ru\\\/#organization\"},\"potentialAction\":[{\"@type\":\"SearchAction\",\"target\":{\"@type\":\"EntryPoint\",\"urlTemplate\":\"https:\\\/\\\/www.ukras.com\\\/ru\\\/?s={search_term_string}\"},\"query-input\":{\"@type\":\"PropertyValueSpecification\",\"valueRequired\":true,\"valueName\":\"search_term_string\"}}],\"inLanguage\":\"ru-RU\"},{\"@type\":\"Organization\",\"@id\":\"https:\\\/\\\/www.ukras.com\\\/ru\\\/#organization\",\"name\":\"UKRAS DOO Veliki Popovi\u0107\",\"url\":\"https:\\\/\\\/www.ukras.com\\\/ru\\\/\",\"logo\":{\"@type\":\"ImageObject\",\"inLanguage\":\"ru-RU\",\"@id\":\"https:\\\/\\\/www.ukras.com\\\/ru\\\/#\\\/schema\\\/logo\\\/image\\\/\",\"url\":\"https:\\\/\\\/www.ukras.com\\\/wp-content\\\/uploads\\\/2021\\\/09\\\/logo_ukras.png\",\"contentUrl\":\"https:\\\/\\\/www.ukras.com\\\/wp-content\\\/uploads\\\/2021\\\/09\\\/logo_ukras.png\",\"width\":336,\"height\":52,\"caption\":\"UKRAS DOO Veliki Popovi\u0107\"},\"image\":{\"@id\":\"https:\\\/\\\/www.ukras.com\\\/ru\\\/#\\\/schema\\\/logo\\\/image\\\/\"},\"sameAs\":[\"https:\\\/\\\/www.facebook.com\\\/UkrasSvilajnac\",\"https:\\\/\\\/www.instagram.com\\\/ukras.doo\\\/\",\"https:\\\/\\\/www.youtube.com\\\/channel\\\/UCqBv6JCkcumnS5PO46iAOuA\"]}]}<\/script>\n<!-- \/ Yoast SEO plugin. -->","yoast_head_json":{"title":"Stubi\u0107i za lajsne MDF bela farba - UKRAS Veliki Popovi\u0107","robots":{"index":"index","follow":"follow","max-snippet":"max-snippet:-1","max-image-preview":"max-image-preview:large","max-video-preview":"max-video-preview:-1"},"canonical":"https:\/\/www.ukras.com\/ru\/proizvodi\/stubici-za-lajsne-mdf-bela-farba\/","og_locale":"ru_RU","og_type":"article","og_title":"Stubi\u0107i za lajsne MDF bela farba - UKRAS Veliki Popovi\u0107","og_description":"Dimenzije stubi\u0107a: 18x18mm Visina stubi\u0107a: Za lajsne visine 60 mm koriste se stubi\u0107i 63 mm Za lajsne visine 80 mm koriste se stubi\u0107i 83 mm Za lajsne visine 100 mm koriste se stubi\u0107i 103 mm Za lajsne visine 120 mm koriste se stubi\u0107i 123 mm Za lajsne visine 150 mm koriste se stubi\u0107i 153 mm","og_url":"https:\/\/www.ukras.com\/ru\/proizvodi\/stubici-za-lajsne-mdf-bela-farba\/","og_site_name":"UKRAS Veliki Popovi\u0107","article_publisher":"https:\/\/www.facebook.com\/UkrasSvilajnac","article_modified_time":"2021-11-16T09:36:49+00:00","og_image":[{"width":1000,"height":1000,"url":"https:\/\/www.ukras.com\/wp-content\/uploads\/2018\/12\/Stubici.jpg","type":"image\/jpeg"}],"twitter_card":"summary_large_image","schema":{"@context":"https:\/\/schema.org","@graph":[{"@type":"WebPage","@id":"https:\/\/www.ukras.com\/ru\/proizvodi\/stubici-za-lajsne-mdf-bela-farba\/","url":"https:\/\/www.ukras.com\/ru\/proizvodi\/stubici-za-lajsne-mdf-bela-farba\/","name":"Stubi\u0107i za lajsne MDF bela farba - UKRAS Veliki Popovi\u0107","isPartOf":{"@id":"https:\/\/www.ukras.com\/#website"},"primaryImageOfPage":{"@id":"https:\/\/www.ukras.com\/ru\/proizvodi\/stubici-za-lajsne-mdf-bela-farba\/#primaryimage"},"image":{"@id":"https:\/\/www.ukras.com\/ru\/proizvodi\/stubici-za-lajsne-mdf-bela-farba\/#primaryimage"},"thumbnailUrl":"https:\/\/www.ukras.com\/wp-content\/uploads\/2018\/12\/Stubici.jpg","datePublished":"2018-12-23T18:15:21+00:00","dateModified":"2021-11-16T09:36:49+00:00","breadcrumb":{"@id":"https:\/\/www.ukras.com\/ru\/proizvodi\/stubici-za-lajsne-mdf-bela-farba\/#breadcrumb"},"inLanguage":"ru-RU","potentialAction":[{"@type":"ReadAction","target":["https:\/\/www.ukras.com\/ru\/proizvodi\/stubici-za-lajsne-mdf-bela-farba\/"]}]},{"@type":"ImageObject","inLanguage":"ru-RU","@id":"https:\/\/www.ukras.com\/ru\/proizvodi\/stubici-za-lajsne-mdf-bela-farba\/#primaryimage","url":"https:\/\/www.ukras.com\/wp-content\/uploads\/2018\/12\/Stubici.jpg","contentUrl":"https:\/\/www.ukras.com\/wp-content\/uploads\/2018\/12\/Stubici.jpg","width":1000,"height":1000},{"@type":"BreadcrumbList","@id":"https:\/\/www.ukras.com\/ru\/proizvodi\/stubici-za-lajsne-mdf-bela-farba\/#breadcrumb","itemListElement":[{"@type":"ListItem","position":1,"name":"Home","item":"https:\/\/www.ukras.com\/"},{"@type":"ListItem","position":2,"name":"\u041f\u0440\u043e\u0434\u0443\u043a\u0442\u044b","item":"https:\/\/www.ukras.com\/proizvodi\/"},{"@type":"ListItem","position":3,"name":"Stubi\u0107i za lajsne MDF bela farba"}]},{"@type":"WebSite","@id":"https:\/\/www.ukras.com\/ru\/#website","url":"https:\/\/www.ukras.com\/ru\/","name":"UKRAS","description":"\u041f\u0440\u043e\u0438\u0437\u0432\u043e\u0434\u0441\u0442\u0432\u043e \u043f\u043b\u0438\u043d\u0442\u0443\u0441\u043e\u0432 \u0434\u043b\u044f \u043f\u043e\u043b\u043e\u0432, \u043f\u0430\u0440\u043a\u0435\u0442\u0430, \u043b\u0430\u043c\u0438\u043d\u0430\u0442\u0430, \u0432\u043d\u0443\u0442\u0440\u0435\u043d\u043d\u0438\u0445 \u0434\u0432\u0435\u0440\u0435\u0439 . . .","publisher":{"@id":"https:\/\/www.ukras.com\/ru\/#organization"},"potentialAction":[{"@type":"SearchAction","target":{"@type":"EntryPoint","urlTemplate":"https:\/\/www.ukras.com\/ru\/?s={search_term_string}"},"query-input":{"@type":"PropertyValueSpecification","valueRequired":true,"valueName":"search_term_string"}}],"inLanguage":"ru-RU"},{"@type":"Organization","@id":"https:\/\/www.ukras.com\/ru\/#organization","name":"UKRAS DOO Veliki Popovi\u0107","url":"https:\/\/www.ukras.com\/ru\/","logo":{"@type":"ImageObject","inLanguage":"ru-RU","@id":"https:\/\/www.ukras.com\/ru\/#\/schema\/logo\/image\/","url":"https:\/\/www.ukras.com\/wp-content\/uploads\/2021\/09\/logo_ukras.png","contentUrl":"https:\/\/www.ukras.com\/wp-content\/uploads\/2021\/09\/logo_ukras.png","width":336,"height":52,"caption":"UKRAS DOO Veliki Popovi\u0107"},"image":{"@id":"https:\/\/www.ukras.com\/ru\/#\/schema\/logo\/image\/"},"sameAs":["https:\/\/www.facebook.com\/UkrasSvilajnac","https:\/\/www.instagram.com\/ukras.doo\/","https:\/\/www.youtube.com\/channel\/UCqBv6JCkcumnS5PO46iAOuA"]}]}},"_links":{"self":[{"href":"https:\/\/www.ukras.com\/ru\/wp-json\/wp\/v2\/product\/523","targetHints":{"allow":["GET"]}}],"collection":[{"href":"https:\/\/www.ukras.com\/ru\/wp-json\/wp\/v2\/product"}],"about":[{"href":"https:\/\/www.ukras.com\/ru\/wp-json\/wp\/v2\/types\/product"}],"wp:featuredmedia":[{"embeddable":true,"href":"https:\/\/www.ukras.com\/ru\/wp-json\/wp\/v2\/media\/3011"}],"wp:attachment":[{"href":"https:\/\/www.ukras.com\/ru\/wp-json\/wp\/v2\/media?parent=523"}],"wp:term":[{"taxonomy":"product_brand","embeddable":true,"href":"https:\/\/www.ukras.com\/ru\/wp-json\/wp\/v2\/product_brand?post=523"},{"taxonomy":"product_cat","embeddable":true,"href":"https:\/\/www.ukras.com\/ru\/wp-json\/wp\/v2\/product_cat?post=523"},{"taxonomy":"product_tag","embeddable":true,"href":"https:\/\/www.ukras.com\/ru\/wp-json\/wp\/v2\/product_tag?post=523"}],"curies":[{"name":"wp","href":"https:\/\/api.w.org\/{rel}","templated":true}]}}